{"id":122,"date":"2023-04-12T20:25:06","date_gmt":"2023-04-12T18:25:06","guid":{"rendered":"https:\/\/creativeprototyping.ddns.net\/?page_id=122"},"modified":"2023-09-02T15:54:23","modified_gmt":"2023-09-02T13:54:23","slug":"projekte","status":"publish","type":"page","link":"https:\/\/www.creative-prototyping.eu\/index.php\/main\/projekte\/","title":{"rendered":"Projekte"},"content":{"rendered":"\n<p class=\"has-large-font-size\">Hier eine \u00dcbersicht einiger Projekte:<\/p>\n\n\n\n<div class=\"wp-block-query is-layout-flow wp-block-query-is-layout-flow\"><ul class=\"wp-block-post-template is-layout-flow wp-block-post-template-is-layout-flow\"><li class=\"wp-block-post post-677 post type-post status-publish format-standard has-post-thumbnail hentry category-projekte\">\n\n<div class=\"wp-block-columns alignwide is-layout-flex wp-container-core-columns-is-layout-9d6595d7 wp-block-columns-is-layout-flex\">\n<div class=\"wp-block-column is-layout-flow wp-block-column-is-layout-flow\" style=\"flex-basis:66.66%\"><figure class=\"wp-block-post-featured-image\"><a href=\"https:\/\/www.creative-prototyping.eu\/index.php\/2023\/12\/08\/volvo-v40-und-baltic-pothole-rodeo-2024\/\" target=\"_self\"  ><img loading=\"lazy\" decoding=\"async\" width=\"1495\" height=\"1516\" src=\"https:\/\/www.creative-prototyping.eu\/wp-content\/uploads\/2023\/12\/20231015_171800.geaendert-rotated.jpg\" class=\"attachment-post-thumbnail size-post-thumbnail wp-post-image\" alt=\"Volvo V40 und Baltic Pothole Rodeo 2024\" style=\"object-fit:cover;\" srcset=\"https:\/\/www.creative-prototyping.eu\/wp-content\/uploads\/2023\/12\/20231015_171800.geaendert-rotated.jpg 1495w, https:\/\/www.creative-prototyping.eu\/wp-content\/uploads\/2023\/12\/20231015_171800.geaendert-296x300.jpg 296w, https:\/\/www.creative-prototyping.eu\/wp-content\/uploads\/2023\/12\/20231015_171800.geaendert-1010x1024.jpg 1010w, https:\/\/www.creative-prototyping.eu\/wp-content\/uploads\/2023\/12\/20231015_171800.geaendert-768x779.jpg 768w\" sizes=\"auto, (max-width: 1495px) 100vw, 1495px\" \/><\/a><\/figure><\/div>\n\n\n\n<div class=\"wp-block-column is-layout-flow wp-block-column-is-layout-flow\" style=\"flex-basis:33.33%\"><h2 class=\"wp-block-post-title\"><a href=\"https:\/\/www.creative-prototyping.eu\/index.php\/2023\/12\/08\/volvo-v40-und-baltic-pothole-rodeo-2024\/\" target=\"_self\" >Volvo V40 und Baltic Pothole Rodeo 2024<\/a><\/h2>\n\n<div class=\"wp-block-post-excerpt\"><p class=\"wp-block-post-excerpt__excerpt\">Wir sind stolz darauf, Ihnen unser neuestes Projekt vorzustellen: den Volvo V40, der f\u00fcr die Baltic Pothole Rodeo 2024 ergattert wurde. Der Start: Volvo V40 Revival Unsere Leidenschaft f\u00fcr Autos und abenteuerliche Reisen haben nicht nachgelassen. Deshalb haben wir uns f\u00fcr 2024 erneut f\u00fcr diese spektakul\u00e4re Reise angemeldet. Auch wenn das ganze erst im August<\/p><p class=\"wp-block-post-excerpt__more-text\"><a class=\"wp-block-post-excerpt__more-link\" href=\"https:\/\/www.creative-prototyping.eu\/index.php\/2023\/12\/08\/volvo-v40-und-baltic-pothole-rodeo-2024\/\">Hier gibts mehr Infos<\/a><\/p><\/div><\/div>\n<\/div>\n\n<\/li><li class=\"wp-block-post post-466 post type-post status-publish format-standard has-post-thumbnail hentry category-projekte\">\n\n<div class=\"wp-block-columns alignwide is-layout-flex wp-container-core-columns-is-layout-9d6595d7 wp-block-columns-is-layout-flex\">\n<div class=\"wp-block-column is-layout-flow wp-block-column-is-layout-flow\" style=\"flex-basis:66.66%\"><figure class=\"wp-block-post-featured-image\"><a href=\"https:\/\/www.creative-prototyping.eu\/index.php\/2023\/05\/27\/e-bobby-car\/\" target=\"_self\"  ><img loading=\"lazy\" decoding=\"async\" width=\"825\" height=\"592\" src=\"https:\/\/www.creative-prototyping.eu\/wp-content\/uploads\/2023\/05\/IMG_20230625_101436.jpg\" class=\"attachment-post-thumbnail size-post-thumbnail wp-post-image\" alt=\"E-Bobby Car\" style=\"object-fit:cover;\" srcset=\"https:\/\/www.creative-prototyping.eu\/wp-content\/uploads\/2023\/05\/IMG_20230625_101436.jpg 825w, https:\/\/www.creative-prototyping.eu\/wp-content\/uploads\/2023\/05\/IMG_20230625_101436-300x215.jpg 300w, https:\/\/www.creative-prototyping.eu\/wp-content\/uploads\/2023\/05\/IMG_20230625_101436-768x551.jpg 768w\" sizes=\"auto, (max-width: 825px) 100vw, 825px\" \/><\/a><\/figure><\/div>\n\n\n\n<div class=\"wp-block-column is-layout-flow wp-block-column-is-layout-flow\" style=\"flex-basis:33.33%\"><h2 class=\"wp-block-post-title\"><a href=\"https:\/\/www.creative-prototyping.eu\/index.php\/2023\/05\/27\/e-bobby-car\/\" target=\"_self\" >E-Bobby Car<\/a><\/h2>\n\n<div class=\"wp-block-post-excerpt\"><p class=\"wp-block-post-excerpt__excerpt\">Wir starten in den Sommer 2023 mit einem neuen Projekt, dem Elektro-Bobby-Car! Bobby Car Rennen sind schon immer ein Spa\u00df gewesen. Bei einem ungezwungenen Beisammensein, kommt die Idee auf, ein solches Fahrzeug zu motorisieren. Und schon nach wenigen Wochen steht unser erster Prototyp fahrbereit auf der Stra\u00dfe. Was kann es? Ausfahrten Nat\u00fcrlich haben wir viel<\/p><p class=\"wp-block-post-excerpt__more-text\"><a class=\"wp-block-post-excerpt__more-link\" href=\"https:\/\/www.creative-prototyping.eu\/index.php\/2023\/05\/27\/e-bobby-car\/\">Hier gibts mehr Infos<\/a><\/p><\/div><\/div>\n<\/div>\n\n<\/li><li class=\"wp-block-post post-91 post type-post status-publish format-standard has-post-thumbnail hentry category-projekte category-verborgbar tag-anhaengerpool tag-pool-anhaenger tag-poolanhaenger tag-pooltraktoranhaenger\">\n\n<div class=\"wp-block-columns alignwide is-layout-flex wp-container-core-columns-is-layout-9d6595d7 wp-block-columns-is-layout-flex\">\n<div class=\"wp-block-column is-layout-flow wp-block-column-is-layout-flow\" style=\"flex-basis:66.66%\"><figure class=\"wp-block-post-featured-image\"><a href=\"https:\/\/www.creative-prototyping.eu\/index.php\/2023\/05\/08\/pool-anhaenger\/\" target=\"_self\"  ><img loading=\"lazy\" decoding=\"async\" width=\"1800\" height=\"1013\" src=\"https:\/\/www.creative-prototyping.eu\/wp-content\/uploads\/2023\/05\/DJI_0985.jpg\" class=\"attachment-post-thumbnail size-post-thumbnail wp-post-image\" alt=\"Pool Anh\u00e4nger\" style=\"object-fit:cover;\" srcset=\"https:\/\/www.creative-prototyping.eu\/wp-content\/uploads\/2023\/05\/DJI_0985.jpg 1800w, https:\/\/www.creative-prototyping.eu\/wp-content\/uploads\/2023\/05\/DJI_0985-300x169.jpg 300w, https:\/\/www.creative-prototyping.eu\/wp-content\/uploads\/2023\/05\/DJI_0985-1024x576.jpg 1024w, https:\/\/www.creative-prototyping.eu\/wp-content\/uploads\/2023\/05\/DJI_0985-768x432.jpg 768w, https:\/\/www.creative-prototyping.eu\/wp-content\/uploads\/2023\/05\/DJI_0985-1536x864.jpg 1536w\" sizes=\"auto, (max-width: 1800px) 100vw, 1800px\" \/><\/a><\/figure><\/div>\n\n\n\n<div class=\"wp-block-column is-layout-flow wp-block-column-is-layout-flow\" style=\"flex-basis:33.33%\"><h2 class=\"wp-block-post-title\"><a href=\"https:\/\/www.creative-prototyping.eu\/index.php\/2023\/05\/08\/pool-anhaenger\/\" target=\"_self\" >Pool Anh\u00e4nger<\/a><\/h2>\n\n<div class=\"wp-block-post-excerpt\"><p class=\"wp-block-post-excerpt__excerpt\">Endlich wieder ein neues, au\u00dfergew\u00f6hnliches Projekt: Ein Pool-Anh\u00e4nger! Vorstellung: Was ist ein Poolanh\u00e4nger? Ein Pool auf R\u00e4dern, f\u00fcr bis zu 14 Personen. Das Pool hat folgende Features: Prinzipiell sind wir durch das Anh\u00e4ngerkonzept mobil und kommen auch gern zu dir, sofern du den Anh\u00e4nger in Linz oder Umgebung ben\u00fctzen m\u00f6chtest. Wir ben\u00f6tigen lediglich Wasser und<\/p><p class=\"wp-block-post-excerpt__more-text\"><a class=\"wp-block-post-excerpt__more-link\" href=\"https:\/\/www.creative-prototyping.eu\/index.php\/2023\/05\/08\/pool-anhaenger\/\">Hier gibts mehr Infos<\/a><\/p><\/div><\/div>\n<\/div>\n\n<\/li><li class=\"wp-block-post post-266 post type-post status-publish format-standard has-post-thumbnail hentry category-projekte tag-creativeprototyping tag-mazda-323bg\">\n\n<div class=\"wp-block-columns alignwide is-layout-flex wp-container-core-columns-is-layout-9d6595d7 wp-block-columns-is-layout-flex\">\n<div class=\"wp-block-column is-layout-flow wp-block-column-is-layout-flow\" style=\"flex-basis:66.66%\"><figure class=\"wp-block-post-featured-image\"><a href=\"https:\/\/www.creative-prototyping.eu\/index.php\/2023\/04\/22\/mazda-323bg\/\" target=\"_self\"  ><img loading=\"lazy\" decoding=\"async\" width=\"1740\" height=\"1090\" src=\"https:\/\/www.creative-prototyping.eu\/wp-content\/uploads\/2023\/05\/IMG_8033paint-2-e1683290511248.jpg\" class=\"attachment-post-thumbnail size-post-thumbnail wp-post-image\" alt=\"Mazda 323BG\" style=\"object-fit:cover;\" srcset=\"https:\/\/www.creative-prototyping.eu\/wp-content\/uploads\/2023\/05\/IMG_8033paint-2-e1683290511248.jpg 1740w, https:\/\/www.creative-prototyping.eu\/wp-content\/uploads\/2023\/05\/IMG_8033paint-2-e1683290511248-300x188.jpg 300w, https:\/\/www.creative-prototyping.eu\/wp-content\/uploads\/2023\/05\/IMG_8033paint-2-e1683290511248-1024x641.jpg 1024w, https:\/\/www.creative-prototyping.eu\/wp-content\/uploads\/2023\/05\/IMG_8033paint-2-e1683290511248-768x481.jpg 768w, https:\/\/www.creative-prototyping.eu\/wp-content\/uploads\/2023\/05\/IMG_8033paint-2-e1683290511248-1536x962.jpg 1536w\" sizes=\"auto, (max-width: 1740px) 100vw, 1740px\" \/><\/a><\/figure><\/div>\n\n\n\n<div class=\"wp-block-column is-layout-flow wp-block-column-is-layout-flow\" style=\"flex-basis:33.33%\"><h2 class=\"wp-block-post-title\"><a href=\"https:\/\/www.creative-prototyping.eu\/index.php\/2023\/04\/22\/mazda-323bg\/\" target=\"_self\" >Mazda 323BG<\/a><\/h2>\n\n<div class=\"wp-block-post-excerpt\"><p class=\"wp-block-post-excerpt__excerpt\">Projekt Mazda 323 Gestartet hat das ganze Projekt als der Mazda 323BG mit defekter Kupplung, nach 4 Jahren in einer Halle, mit einem Anh\u00e4nger nach Linz \u00fcberstellt wurde. Mittels Videos und Reperaturanleitungen tauschten wir die Kupplung. F\u00fcr die Pickerl\u00fcberpr\u00fcfung waren noch ein paar Reparaturen zu machen. Damit er optisch wieder besser dasteht haben wir den<\/p><p class=\"wp-block-post-excerpt__more-text\"><a class=\"wp-block-post-excerpt__more-link\" href=\"https:\/\/www.creative-prototyping.eu\/index.php\/2023\/04\/22\/mazda-323bg\/\">Hier gibts mehr Infos<\/a><\/p><\/div><\/div>\n<\/div>\n\n<\/li><li class=\"wp-block-post post-127 post type-post status-publish format-standard has-post-thumbnail hentry category-projekte tag-fahrradanhaenger tag-fahrradanhaenger-deluxe\">\n\n<div class=\"wp-block-columns alignwide is-layout-flex wp-container-core-columns-is-layout-9d6595d7 wp-block-columns-is-layout-flex\">\n<div class=\"wp-block-column is-layout-flow wp-block-column-is-layout-flow\" style=\"flex-basis:66.66%\"><figure class=\"wp-block-post-featured-image\"><a href=\"https:\/\/www.creative-prototyping.eu\/index.php\/2023\/03\/01\/fahrradanhaenger\/\" target=\"_self\"  ><img loading=\"lazy\" decoding=\"async\" width=\"1000\" height=\"750\" src=\"https:\/\/www.creative-prototyping.eu\/wp-content\/uploads\/2023\/05\/IMG_20210331_214709.geaendert.jpg\" class=\"attachment-post-thumbnail size-post-thumbnail wp-post-image\" alt=\"Fahrradanh\u00e4nger\" style=\"object-fit:cover;\" srcset=\"https:\/\/www.creative-prototyping.eu\/wp-content\/uploads\/2023\/05\/IMG_20210331_214709.geaendert.jpg 1000w, https:\/\/www.creative-prototyping.eu\/wp-content\/uploads\/2023\/05\/IMG_20210331_214709.geaendert-300x225.jpg 300w, https:\/\/www.creative-prototyping.eu\/wp-content\/uploads\/2023\/05\/IMG_20210331_214709.geaendert-768x576.jpg 768w\" sizes=\"auto, (max-width: 1000px) 100vw, 1000px\" \/><\/a><\/figure><\/div>\n\n\n\n<div class=\"wp-block-column is-layout-flow wp-block-column-is-layout-flow\" style=\"flex-basis:33.33%\"><h2 class=\"wp-block-post-title\"><a href=\"https:\/\/www.creative-prototyping.eu\/index.php\/2023\/03\/01\/fahrradanhaenger\/\" target=\"_self\" >Fahrradanh\u00e4nger<\/a><\/h2>\n\n<div class=\"wp-block-post-excerpt\"><p class=\"wp-block-post-excerpt__excerpt\">Vorstellung Das Fahrzeug besitzt eine Vielzahl an technischen Features: Hier ein Vorstellungsvideo: Ausfahrten Hoffentlich haben wir noch viele weitere sch\u00f6ne Ausfl\u00fcge. Wir kommen auch gern zu eurer Feier oder Event! (Geburtstagsfeier, etc.) Technische Umsetzung Das Fahrzeug wird mittels mehrerer Creative Prototyping Universal Steuerplatinen betrieben: Die T\u00fcr wird mittels eines linearen Aktuators betrieben. Das Dach sowie<\/p><p class=\"wp-block-post-excerpt__more-text\"><a class=\"wp-block-post-excerpt__more-link\" href=\"https:\/\/www.creative-prototyping.eu\/index.php\/2023\/03\/01\/fahrradanhaenger\/\">Hier gibts mehr Infos<\/a><\/p><\/div><\/div>\n<\/div>\n\n<\/li><\/ul><\/div>\n","protected":false},"excerpt":{"rendered":"<p>Hier eine \u00dcbersicht einiger Projekte:<\/p>\n","protected":false},"author":2,"featured_media":0,"parent":2,"menu_order":0,"comment_status":"closed","ping_status":"closed","template":"","meta":{"_kadence_starter_templates_imported_post":false,"_kad_post_transparent":"","_kad_post_title":"","_kad_post_layout":"","_kad_post_sidebar_id":"","_kad_post_content_style":"","_kad_post_vertical_padding":"","_kad_post_feature":"","_kad_post_feature_position":"","_kad_post_header":false,"_kad_post_footer":false,"_kad_post_classname":"","footnotes":""},"class_list":["post-122","page","type-page","status-publish","hentry"],"_links":{"self":[{"href":"https:\/\/www.creative-prototyping.eu\/index.php\/wp-json\/wp\/v2\/pages\/122","targetHints":{"allow":["GET"]}}],"collection":[{"href":"https:\/\/www.creative-prototyping.eu\/index.php\/wp-json\/wp\/v2\/pages"}],"about":[{"href":"https:\/\/www.creative-prototyping.eu\/index.php\/wp-json\/wp\/v2\/types\/page"}],"author":[{"embeddable":true,"href":"https:\/\/www.creative-prototyping.eu\/index.php\/wp-json\/wp\/v2\/users\/2"}],"replies":[{"embeddable":true,"href":"https:\/\/www.creative-prototyping.eu\/index.php\/wp-json\/wp\/v2\/comments?post=122"}],"version-history":[{"count":8,"href":"https:\/\/www.creative-prototyping.eu\/index.php\/wp-json\/wp\/v2\/pages\/122\/revisions"}],"predecessor-version":[{"id":668,"href":"https:\/\/www.creative-prototyping.eu\/index.php\/wp-json\/wp\/v2\/pages\/122\/revisions\/668"}],"up":[{"embeddable":true,"href":"https:\/\/www.creative-prototyping.eu\/index.php\/wp-json\/wp\/v2\/pages\/2"}],"wp:attachment":[{"href":"https:\/\/www.creative-prototyping.eu\/index.php\/wp-json\/wp\/v2\/media?parent=122"}],"curies":[{"name":"wp","href":"https:\/\/api.w.org\/{rel}","templated":true}]}}