{"id":80,"date":"2023-04-09T20:17:34","date_gmt":"2023-04-09T18:17:34","guid":{"rendered":"https:\/\/creativeprototyping.ddns.net\/?page_id=80"},"modified":"2023-07-01T10:00:45","modified_gmt":"2023-07-01T08:00:45","slug":"blog","status":"publish","type":"page","link":"https:\/\/www.creative-prototyping.eu\/index.php\/main\/blog\/","title":{"rendered":"Blog"},"content":{"rendered":"\n<div class=\"wp-block-query is-layout-flow wp-block-query-is-layout-flow\"><ul class=\"wp-block-post-template is-layout-flow wp-block-post-template-is-layout-flow\"><li class=\"wp-block-post post-497 post type-post status-publish format-standard has-post-thumbnail hentry category-blog tag-mazda-323bg tag-pothole-rodeo\">\n\n<div class=\"wp-block-columns alignwide is-layout-flex wp-container-core-columns-is-layout-9d6595d7 wp-block-columns-is-layout-flex\">\n<div class=\"wp-block-column is-layout-flow wp-block-column-is-layout-flow\" style=\"flex-basis:66.66%\"><figure class=\"wp-block-post-featured-image\"><a href=\"https:\/\/www.creative-prototyping.eu\/index.php\/2023\/06\/18\/pothole-rodeo\/\" target=\"_self\"  ><img loading=\"lazy\" decoding=\"async\" width=\"863\" height=\"684\" src=\"https:\/\/www.creative-prototyping.eu\/wp-content\/uploads\/2023\/06\/Mazda-vor-Ralley-1.jpg\" class=\"attachment-post-thumbnail size-post-thumbnail wp-post-image\" alt=\"Pothole Rodeo\" style=\"object-fit:cover;\" srcset=\"https:\/\/www.creative-prototyping.eu\/wp-content\/uploads\/2023\/06\/Mazda-vor-Ralley-1.jpg 863w, https:\/\/www.creative-prototyping.eu\/wp-content\/uploads\/2023\/06\/Mazda-vor-Ralley-1-300x238.jpg 300w, https:\/\/www.creative-prototyping.eu\/wp-content\/uploads\/2023\/06\/Mazda-vor-Ralley-1-768x609.jpg 768w\" sizes=\"auto, (max-width: 863px) 100vw, 863px\" \/><\/a><\/figure><\/div>\n\n\n\n<div class=\"wp-block-column is-layout-flow wp-block-column-is-layout-flow\" style=\"flex-basis:33.33%\"><h2 class=\"wp-block-post-title\"><a href=\"https:\/\/www.creative-prototyping.eu\/index.php\/2023\/06\/18\/pothole-rodeo\/\" target=\"_self\" >Pothole Rodeo<\/a><\/h2>\n\n<div class=\"wp-block-post-excerpt\"><p class=\"wp-block-post-excerpt__excerpt\">R\u00fcckschau: Wir starten diesen Sommer mit einer besonderen Mazda 323BG Ausfahrt. Wir sind bei dem Pothole Rodeo 2023 dabei! Hierf\u00fcr haben wir den Mazda nat\u00fcrlich vorbereitet: Die Aufkleber vom Backroadclub sind nat\u00fcrlich ein muss, mit der Startnummer 1223 geht es dann am 22.06. zur Akkreditierung ins Bundesland Salzburg, wo wir dann \u00fcbernachten und am 23.06&#8230;. <\/p><\/div><\/div>\n<\/div>\n\n<\/li><li class=\"wp-block-post post-59 post type-post status-publish format-standard has-post-thumbnail hentry category-blog\">\n\n<div class=\"wp-block-columns alignwide is-layout-flex wp-container-core-columns-is-layout-9d6595d7 wp-block-columns-is-layout-flex\">\n<div class=\"wp-block-column is-layout-flow wp-block-column-is-layout-flow\" style=\"flex-basis:66.66%\"><figure class=\"wp-block-post-featured-image\"><a href=\"https:\/\/www.creative-prototyping.eu\/index.php\/2023\/04\/09\/webseite-goes-online\/\" target=\"_self\"  ><img loading=\"lazy\" decoding=\"async\" width=\"1624\" height=\"815\" src=\"https:\/\/www.creative-prototyping.eu\/wp-content\/uploads\/2023\/05\/Bildschirmfoto-vom-2023-04-09-20-24-30.png\" class=\"attachment-post-thumbnail size-post-thumbnail wp-post-image\" alt=\"Webseite goes online\" style=\"object-fit:cover;\" srcset=\"https:\/\/www.creative-prototyping.eu\/wp-content\/uploads\/2023\/05\/Bildschirmfoto-vom-2023-04-09-20-24-30.png 1624w, https:\/\/www.creative-prototyping.eu\/wp-content\/uploads\/2023\/05\/Bildschirmfoto-vom-2023-04-09-20-24-30-300x151.png 300w, https:\/\/www.creative-prototyping.eu\/wp-content\/uploads\/2023\/05\/Bildschirmfoto-vom-2023-04-09-20-24-30-1024x514.png 1024w, https:\/\/www.creative-prototyping.eu\/wp-content\/uploads\/2023\/05\/Bildschirmfoto-vom-2023-04-09-20-24-30-768x385.png 768w, https:\/\/www.creative-prototyping.eu\/wp-content\/uploads\/2023\/05\/Bildschirmfoto-vom-2023-04-09-20-24-30-1536x771.png 1536w\" sizes=\"auto, (max-width: 1624px) 100vw, 1624px\" \/><\/a><\/figure><\/div>\n\n\n\n<div class=\"wp-block-column is-layout-flow wp-block-column-is-layout-flow\" style=\"flex-basis:33.33%\"><h2 class=\"wp-block-post-title\"><a href=\"https:\/\/www.creative-prototyping.eu\/index.php\/2023\/04\/09\/webseite-goes-online\/\" target=\"_self\" >Webseite goes online<\/a><\/h2>\n\n<div class=\"wp-block-post-excerpt\"><p class=\"wp-block-post-excerpt__excerpt\">Es ist endlich so weit, unsere erste Webseite ist online, grafisch noch nicht das Allerbeste, aber das kommt auch noch. <\/p><\/div><\/div>\n<\/div>\n\n<\/li><\/ul><\/div>\n","protected":false},"excerpt":{"rendered":"","protected":false},"author":2,"featured_media":0,"parent":2,"menu_order":0,"comment_status":"closed","ping_status":"closed","template":"","meta":{"_kadence_starter_templates_imported_post":false,"_kad_post_transparent":"","_kad_post_title":"","_kad_post_layout":"","_kad_post_sidebar_id":"","_kad_post_content_style":"","_kad_post_vertical_padding":"","_kad_post_feature":"","_kad_post_feature_position":"","_kad_post_header":false,"_kad_post_footer":false,"_kad_post_classname":"","footnotes":""},"class_list":["post-80","page","type-page","status-publish","hentry"],"_links":{"self":[{"href":"https:\/\/www.creative-prototyping.eu\/index.php\/wp-json\/wp\/v2\/pages\/80","targetHints":{"allow":["GET"]}}],"collection":[{"href":"https:\/\/www.creative-prototyping.eu\/index.php\/wp-json\/wp\/v2\/pages"}],"about":[{"href":"https:\/\/www.creative-prototyping.eu\/index.php\/wp-json\/wp\/v2\/types\/page"}],"author":[{"embeddable":true,"href":"https:\/\/www.creative-prototyping.eu\/index.php\/wp-json\/wp\/v2\/users\/2"}],"replies":[{"embeddable":true,"href":"https:\/\/www.creative-prototyping.eu\/index.php\/wp-json\/wp\/v2\/comments?post=80"}],"version-history":[{"count":8,"href":"https:\/\/www.creative-prototyping.eu\/index.php\/wp-json\/wp\/v2\/pages\/80\/revisions"}],"predecessor-version":[{"id":167,"href":"https:\/\/www.creative-prototyping.eu\/index.php\/wp-json\/wp\/v2\/pages\/80\/revisions\/167"}],"up":[{"embeddable":true,"href":"https:\/\/www.creative-prototyping.eu\/index.php\/wp-json\/wp\/v2\/pages\/2"}],"wp:attachment":[{"href":"https:\/\/www.creative-prototyping.eu\/index.php\/wp-json\/wp\/v2\/media?parent=80"}],"curies":[{"name":"wp","href":"https:\/\/api.w.org\/{rel}","templated":true}]}}